{"id":1051,"date":"2026-05-10T17:29:02","date_gmt":"2026-05-10T17:29:02","guid":{"rendered":"https:\/\/jenbell.design\/?page_id=1051"},"modified":"2026-05-11T13:54:40","modified_gmt":"2026-05-11T13:54:40","slug":"faq","status":"publish","type":"page","link":"https:\/\/jenbell.design\/ca\/faq\/","title":{"rendered":"FAQ"},"content":{"rendered":"<div class=\"wp-block-group has-global-padding is-layout-constrained wp-block-group-is-layout-constrained\" style=\"padding-top:var(--wp--preset--spacing--70);padding-bottom:var(--wp--preset--spacing--80)\">\n<h2 class=\"wp-block-heading has-inclusive-sans-font-family\" style=\"padding-top:var(--wp--preset--spacing--30);padding-bottom:var(--wp--preset--spacing--30);font-size:clamp(2.629rem, 2.629rem + ((1vw - 0.2rem) * 3.952), 5rem);text-transform:none\">preguntes freq\u00fcents<\/h2>\n\n\n\n<div data-wp-context=\"{ &quot;autoclose&quot;: false, &quot;accordionItems&quot;: [] }\" data-wp-interactive=\"core\/accordion\" role=\"group\" class=\"wp-block-accordion alignwide is-layout-flow wp-block-accordion-is-layout-flow\" style=\"border-top-width:1px;border-right-style:none;border-right-width:0px;border-bottom-style:none;border-bottom-width:0px;border-left-style:none;border-left-width:0px;padding-top:var(--wp--preset--spacing--20);padding-bottom:0\">\n<div data-wp-class--is-open=\"state.isOpen\" data-wp-context=\"{ &quot;id&quot;: &quot;accordion-item-1&quot;, &quot;openByDefault&quot;: false }\" data-wp-init=\"callbacks.initAccordionItems\" data-wp-on-window--hashchange=\"callbacks.hashChange\" class=\"wp-block-accordion-item is-layout-flow wp-block-accordion-item-is-layout-flow\" style=\"font-size:clamp(1.25rem, 1.25rem + ((1vw - 0.2rem) * 1.25), 2rem);\">\n<h3 class=\"wp-block-accordion-heading has-inclusive-sans-font-family has-x-large-font-size\" style=\"text-transform:none\"><button aria-expanded=\"false\" aria-controls=\"accordion-item-1-panel\" data-wp-bind--aria-expanded=\"state.isOpen\" data-wp-on--click=\"actions.toggle\" id=\"accordion-item-1\" type=\"button\" class=\"wp-block-accordion-heading__toggle\"><span class=\"wp-block-accordion-heading__toggle-title\">Qu\u00e8 significa \u00abdisseny gr\u00e0fic anticapitalista\u00bb en la pr\u00e0ctica? <\/span><span class=\"wp-block-accordion-heading__toggle-icon\" aria-hidden=\"true\">+<\/span><\/button><\/h3>\n\n\n\n<div inert aria-labelledby=\"accordion-item-1\" data-wp-bind--inert=\"!state.isOpen\" id=\"accordion-item-1-panel\" role=\"region\" class=\"wp-block-accordion-panel is-layout-flow wp-block-accordion-panel-is-layout-flow\">\n<p class=\"has-large-font-size wp-block-paragraph\">Significa que rebutjo la idea que el disseny existeixi \u00fanicament per impulsar el consum o maximitzar el benefici dels accionistes. En canvi, la meva feina se centra en una comunicaci\u00f3 visual clara, cohesionada i en la veritat. <br><br>Pr\u00e0cticament, aix\u00f2 sembla evitar l'apropiaci\u00f3 cultural, el tokenisme i la psicologia de m\u00e0rqueting manipuladora. Em nego a dissenyar per a ind\u00fastries que exploten persones o el planeta, i adhereixo a la crida palestina per a <a href=\"https:\/\/jenbell.design\/ca\/jen-bell-design-pacbi-statement\/\" data-type=\"page\" data-id=\"861\">Boicot, Desinversions i Sancions (BDS)<\/a> (BDS). <br><br>El meu objectiu \u00e9s ajudar-te a construir una marca que serveixi les necessitats de la teva comunitat en lloc d'extraure'n valor.<\/p>\n<\/div>\n<\/div>\n<\/div>\n\n\n\n<div data-wp-context=\"{ &quot;autoclose&quot;: false, &quot;accordionItems&quot;: [] }\" data-wp-interactive=\"core\/accordion\" role=\"group\" class=\"wp-block-accordion alignwide is-layout-flow wp-block-accordion-is-layout-flow\" style=\"border-top-width:1px;padding-top:var(--wp--preset--spacing--20)\">\n<div data-wp-class--is-open=\"state.isOpen\" data-wp-context=\"{ &quot;id&quot;: &quot;accordion-item-2&quot;, &quot;openByDefault&quot;: false }\" data-wp-init=\"callbacks.initAccordionItems\" data-wp-on-window--hashchange=\"callbacks.hashChange\" class=\"wp-block-accordion-item is-layout-flow wp-block-accordion-item-is-layout-flow\">\n<h3 class=\"wp-block-accordion-heading has-inclusive-sans-font-family has-x-large-font-size\" style=\"text-transform:none\"><button aria-expanded=\"false\" aria-controls=\"accordion-item-2-panel\" data-wp-bind--aria-expanded=\"state.isOpen\" data-wp-on--click=\"actions.toggle\" id=\"accordion-item-2\" type=\"button\" class=\"wp-block-accordion-heading__toggle\"><span class=\"wp-block-accordion-heading__toggle-title\">Com defineixes \u00abmarca \u00e8tica\u00bb?<\/span><span class=\"wp-block-accordion-heading__toggle-icon\" aria-hidden=\"true\">+<\/span><\/button><\/h3>\n\n\n\n<div inert aria-labelledby=\"accordion-item-2\" data-wp-bind--inert=\"!state.isOpen\" id=\"accordion-item-2-panel\" role=\"region\" class=\"wp-block-accordion-panel is-layout-flow wp-block-accordion-panel-is-layout-flow\">\n<p class=\"wp-block-paragraph\">El branding \u00e8tic \u00e9s l'alineaci\u00f3 de la teva identitat visual amb les teves accions reals. Significa no fer greenwashing, no fer afirmacions vagues sobre \"sostenibilitat\" sense proves i no utilitzar imatges que es basin en estereotips o en l'exclusi\u00f3. <\/p>\n\n\n\n<p class=\"wp-block-paragraph\">Implica ser honest amb la teva cadena de subministrament, les teves pr\u00e0ctiques laborals i el teu impacte. Si la teva marca promet equitat, el disseny ha de reflectir aquesta integritat en cada p\u00edxel.<\/p>\n<\/div>\n<\/div>\n<\/div>\n\n\n\n<div data-wp-context=\"{ &quot;autoclose&quot;: false, &quot;accordionItems&quot;: [] }\" data-wp-interactive=\"core\/accordion\" role=\"group\" class=\"wp-block-accordion alignwide is-layout-flow wp-block-accordion-is-layout-flow\" style=\"border-top-width:1px;padding-top:var(--wp--preset--spacing--20)\">\n<div data-wp-class--is-open=\"state.isOpen\" data-wp-context=\"{ &quot;id&quot;: &quot;accordion-item-3&quot;, &quot;openByDefault&quot;: false }\" data-wp-init=\"callbacks.initAccordionItems\" data-wp-on-window--hashchange=\"callbacks.hashChange\" class=\"wp-block-accordion-item is-layout-flow wp-block-accordion-item-is-layout-flow\">\n<h3 class=\"wp-block-accordion-heading has-inclusive-sans-font-family has-x-large-font-size\" style=\"text-transform:none\"><button aria-expanded=\"false\" aria-controls=\"accordion-item-3-panel\" data-wp-bind--aria-expanded=\"state.isOpen\" data-wp-on--click=\"actions.toggle\" id=\"accordion-item-3\" type=\"button\" class=\"wp-block-accordion-heading__toggle\"><span class=\"wp-block-accordion-heading__toggle-title\">Treballes amb empreses amb \u00e0nim de lucre o nom\u00e9s amb organitzacions i col\u00b7lectius sense \u00e0nim de lucre?<\/span><span class=\"wp-block-accordion-heading__toggle-icon\" aria-hidden=\"true\">+<\/span><\/button><\/h3>\n\n\n\n<div inert aria-labelledby=\"accordion-item-3\" data-wp-bind--inert=\"!state.isOpen\" id=\"accordion-item-3-panel\" role=\"region\" class=\"wp-block-accordion-panel is-layout-flow wp-block-accordion-panel-is-layout-flow\">\n<p class=\"wp-block-paragraph\">Treballo amb qualsevol persona la missi\u00f3 de la qual s'alinea amb els meus valors, independentment de la seva estructura jur\u00eddica. <\/p>\n\n\n\n<p class=\"wp-block-paragraph\">Tot i que dono prioritat a les cooperatives, els sindicats i les organitzacions sense \u00e0nim de lucre, tamb\u00e9 treballo amb petites empreses de lucre \u00e8tiques que es comprometen amb salaris justos, producci\u00f3 local i sostenibilitat genu\u00efna. <\/p>\n\n\n\n<p class=\"wp-block-paragraph\">No treballo amb corporacions l'objectiu principal de les quals \u00e9s el creixement descontrolat a costa de les persones o del planeta.<\/p>\n<\/div>\n<\/div>\n<\/div>\n\n\n\n<div data-wp-context=\"{ &quot;autoclose&quot;: false, &quot;accordionItems&quot;: [] }\" data-wp-interactive=\"core\/accordion\" role=\"group\" class=\"wp-block-accordion alignwide is-layout-flow wp-block-accordion-is-layout-flow\" style=\"border-top-width:1px;padding-top:var(--wp--preset--spacing--20)\">\n<div data-wp-class--is-open=\"state.isOpen\" data-wp-context=\"{ &quot;id&quot;: &quot;accordion-item-4&quot;, &quot;openByDefault&quot;: false }\" data-wp-init=\"callbacks.initAccordionItems\" data-wp-on-window--hashchange=\"callbacks.hashChange\" class=\"wp-block-accordion-item is-layout-flow wp-block-accordion-item-is-layout-flow\">\n<h3 class=\"wp-block-accordion-heading has-inclusive-sans-font-family has-x-large-font-size\" style=\"text-transform:none\"><button aria-expanded=\"false\" aria-controls=\"accordion-item-4-panel\" data-wp-bind--aria-expanded=\"state.isOpen\" data-wp-on--click=\"actions.toggle\" id=\"accordion-item-4\" type=\"button\" class=\"wp-block-accordion-heading__toggle\"><span class=\"wp-block-accordion-heading__toggle-title\">Com t'assegures que la teva pr\u00f2pia pr\u00e0ctica de disseny sigui sostenible? <\/span><span class=\"wp-block-accordion-heading__toggle-icon\" aria-hidden=\"true\">+<\/span><\/button><\/h3>\n\n\n\n<div inert aria-labelledby=\"accordion-item-4\" data-wp-bind--inert=\"!state.isOpen\" id=\"accordion-item-4-panel\" role=\"region\" class=\"wp-block-accordion-panel is-layout-flow wp-block-accordion-panel-is-layout-flow\">\n<p class=\"wp-block-paragraph\">Per a la impressi\u00f3, treballo amb impremtes que utilitzen materials reciclats, tintes a base de soja i producci\u00f3 local per reduir les emissions de transport. Tamb\u00e9 animo els clients a dissenyar pensant en la longevitat en lloc de seguir les \u00faltimes tend\u00e8ncies, cosa que redueix els residus.<\/p>\n\n\n\n<p class=\"wp-block-paragraph\">Em dedico a aprendre cont\u00ednuament i a implementar noves maneres de treballar que siguin m\u00e9s respectuoses amb el nostre planeta. Per exemple, comprant tecnologia de segona m\u00e0 en lloc de nova i evitant l'\u00fas de la IA sempre que sigui possible.<\/p>\n\n\n\n<p class=\"wp-block-paragraph\">Si voleu con\u00e8ixer consells per gestionar un negoci m\u00e9s sostenible i \u00e8tic, els podeu trobar al meu <a href=\"https:\/\/jenbell.design\/ca\/blog\/\" data-type=\"page\" data-id=\"415\">blog<\/a> i el meu <a href=\"https:\/\/jenbell.design\/ca\/?page_id=8862\" data-type=\"page\" data-id=\"8862\">butllet\u00ed<\/a>.<\/p>\n<\/div>\n<\/div>\n<\/div>\n<\/div>","protected":false},"excerpt":{"rendered":"","protected":false},"author":1,"featured_media":0,"parent":0,"menu_order":0,"comment_status":"closed","ping_status":"closed","template":"work-sample","meta":{"_crdt_document":"{\"document\":\"AAAR+cqH2RcRiK3d6A75yofZFwIVBhZaHggBAQgBAEgCBAMAbgoUAwBMADkoACEBJwAEACcBKAMhACcAKAAnAKEAIQEHACEAKAAhACcAIQEoACcAAACoASgAqAEEACEAqAAoAKigA\/ECc3RhdGV2ZXJzaW9uZG9jdW1lbnRkYXRlZG9jdW1lbnRzdGF0dXNkb2N1bWVudHRpdGxlRkFRZG9jdW1lbnRjb250ZW50ZG9jdW1lbnRleGNlcnB0ZG9jdW1lbnRhdXRob3Jkb2N1bWVudGZlYXR1cmVkX21lZGlhZG9jdW1lbnRjb21tZW50X3N0YXR1c2RvY3VtZW50cGluZ19zdGF0dXNkb2N1bWVudHRlbXBsYXRlZG9jdW1lbnRtZXRhZm9vdG5vdGVzZG9jdW1lbnRibG9ja3NzdGF0ZXNhdmVkQXRzdGF0ZXNhdmVkQnljbGllbnRJZGlzVmFsaWRuYW1lYXR0cmlidXRlc2NvbnRlbnRkcm9wQ2FwVHJwQ29udGVudFJlc3RyaWN0aW9uaW5uZXJCbG9ja3NyZWY8IS0tIHdwOmJsb2NrIHsicmVmIjo4OTE0fSAvLS0+c3RhdGV2ZXJzaW9uZG9jdW1lbnRzbHVnBQcIBAgGCAUDCAcIBwgGCA4IDggLSAEECQgGBQcFBwgHBApHABULAx8FBwgEDQEDAAABBwAAAQIACgEHQgEBAEEAAAVBEANBCQIiAH0BfQF9AHcGY2xvc2VkdwZjbG9zZWR3AHh2AxByZXN0cmljdGlvbl90eXBldwdleGNsdWRlEnNlbGVjdGVkX2xhbmd1YWdlc3UACnBhbmVsX29wZW54dyQzOTk4YzgwZC1lZmUyLTQ0MGItYjM5OC1mOWY1Mzc4YWUxMjZ3CmNvcmUvYmxvY2t9kosBdQB3B3B1Ymxpc2gGAHcTMjAyNi0wNS0xMFQxNzoyOTowMncDZmFxe0J54XSNulAAfYit3egOdwt3b3JrLXNhbXBsZQK55cPsCwcBAQoAAwIBAAEAAQECAsjWrrQHAQAA\",\"updateId\":880423986}","footnotes":""},"class_list":["post-1051","page","type-page","status-publish","hentry"],"_links":{"self":[{"href":"https:\/\/jenbell.design\/ca\/wp-json\/wp\/v2\/pages\/1051","targetHints":{"allow":["GET"]}}],"collection":[{"href":"https:\/\/jenbell.design\/ca\/wp-json\/wp\/v2\/pages"}],"about":[{"href":"https:\/\/jenbell.design\/ca\/wp-json\/wp\/v2\/types\/page"}],"author":[{"embeddable":true,"href":"https:\/\/jenbell.design\/ca\/wp-json\/wp\/v2\/users\/1"}],"replies":[{"embeddable":true,"href":"https:\/\/jenbell.design\/ca\/wp-json\/wp\/v2\/comments?post=1051"}],"version-history":[{"count":2,"href":"https:\/\/jenbell.design\/ca\/wp-json\/wp\/v2\/pages\/1051\/revisions"}],"predecessor-version":[{"id":9071,"href":"https:\/\/jenbell.design\/ca\/wp-json\/wp\/v2\/pages\/1051\/revisions\/9071"}],"wp:attachment":[{"href":"https:\/\/jenbell.design\/ca\/wp-json\/wp\/v2\/media?parent=1051"}],"curies":[{"name":"wp","href":"https:\/\/api.w.org\/{rel}","templated":true}]}}