{"id":8824,"date":"2026-05-03T05:50:31","date_gmt":"2026-05-03T05:50:31","guid":{"rendered":"https:\/\/jenbell.design\/?page_id=8824"},"modified":"2026-05-10T18:10:20","modified_gmt":"2026-05-10T18:10:20","slug":"process","status":"publish","type":"page","link":"https:\/\/jenbell.design\/ca\/process\/","title":{"rendered":"proc\u00e9s"},"content":{"rendered":"<div class=\"wp-block-group alignfull has-global-padding is-layout-constrained wp-container-core-group-is-layout-85d3aba8 wp-block-group-is-layout-constrained\" style=\"margin-top:0;margin-bottom:0;padding-top:var(--wp--preset--spacing--50);padding-bottom:var(--wp--preset--spacing--80)\">\n<h2 class=\"wp-block-heading alignwide has-inclusive-sans-font-family\" style=\"padding-top:var(--wp--preset--spacing--40);padding-bottom:var(--wp--preset--spacing--20);font-size:clamp(2.835rem, 2.835rem + ((1vw - 0.2rem) * 4.442), 5.5rem);text-transform:none\">com treballo<\/h2>\n\n\n\n<div class=\"wp-block-columns alignwide is-layout-flex wp-container-core-columns-is-layout-a13b72d4 wp-block-columns-is-layout-flex\" style=\"padding-top:0;padding-bottom:var(--wp--preset--spacing--60)\">\n<div class=\"wp-block-column has-background is-layout-flow wp-block-column-is-layout-flow\" style=\"background-color:#fbf3f7;padding-top:var(--wp--preset--spacing--50);padding-right:var(--wp--preset--spacing--50);padding-bottom:var(--wp--preset--spacing--50);padding-left:var(--wp--preset--spacing--50)\">\n<div class=\"wp-block-font-awesome-icon aligncenter wp-font-awesome-icon\" style=\"display:flex;justify-content:left\"><svg aria-hidden=\"true\" focusable=\"false\" data-prefix=\"fas\" data-icon=\"microscope\" class=\"svg-inline--fa fa-microscope\" role=\"img\" xmlns=\"http:\/\/www.w3.org\/2000\/svg\" viewbox=\"0 0 512 512\" style=\"font-size:2.1em\"><path fill=\"currentColor\" d=\"M176 0c-26.5 0-48 21.5-48 48l0 208c0 26.5 21.5 48 48 48l64 0c26.5 0 48-21.5 48-48l0-64 32 0c70.7 0 128 57.3 128 128S390.7 448 320 448L32 448c-17.7 0-32 14.3-32 32s14.3 32 32 32l448 0c17.7 0 32-14.3 32-32s-14.3-32-32-32l-16.9 0c30.4-34 48.9-78.8 48.9-128 0-106-86-192-192-192l-32 0 0-80c0-26.5-21.5-48-48-48L176 0zM120 352c-13.3 0-24 10.7-24 24s10.7 24 24 24l176 0c13.3 0 24-10.7 24-24s-10.7-24-24-24l-176 0z\"><\/path><\/svg><\/div>\n\n\n\n<h3 class=\"wp-block-heading has-text-align-left has-inclusive-sans-font-family\" style=\"font-size:clamp(1.743rem, 1.743rem + ((1vw - 0.2rem) * 2.095), 3rem);text-transform:none\">1. recerca<\/h3>\n\n\n\n<p class=\"has-medium-font-size wp-block-paragraph\" style=\"padding-right:0;padding-left:0\">El meu proc\u00e9s de disseny comen\u00e7a amb una recerca de mercat s\u00f2lida i un aprofundiment en el vostre projecte, objectius i necessitats. <\/p>\n\n\n\n<p class=\"has-medium-font-size wp-block-paragraph\" style=\"padding-right:0;padding-left:0\">By getting to know you and what you\u2019re about, I ensure every design decision aligns with your values and vision.<\/p>\n<\/div>\n\n\n\n<div class=\"wp-block-column has-background is-layout-flow wp-block-column-is-layout-flow\" style=\"background-color:#fff5eb;padding-top:var(--wp--preset--spacing--50);padding-right:var(--wp--preset--spacing--50);padding-bottom:var(--wp--preset--spacing--50);padding-left:var(--wp--preset--spacing--50)\">\n<div class=\"wp-block-font-awesome-icon aligncenter wp-font-awesome-icon\" style=\"display:flex;justify-content:left\"><svg aria-hidden=\"true\" focusable=\"false\" data-prefix=\"fas\" data-icon=\"pencil\" class=\"svg-inline--fa fa-pencil fa-shake\" role=\"img\" xmlns=\"http:\/\/www.w3.org\/2000\/svg\" viewbox=\"0 0 512 512\" style=\"font-size:2.1em\"><path fill=\"currentColor\" d=\"M36.4 353.2c4.1-14.6 11.8-27.9 22.6-38.7l181.2-181.2 33.9-33.9c16.6 16.6 51.3 51.3 104 104l33.9 33.9-33.9 33.9-181.2 181.2c-10.7 10.7-24.1 18.5-38.7 22.6L30.4 510.6c-8.3 2.3-17.3 0-23.4-6.2S-1.4 489.3 .9 481L36.4 353.2zm55.6-3.7c-4.4 4.7-7.6 10.4-9.3 16.6l-24.1 86.9 86.9-24.1c6.4-1.8 12.2-5.1 17-9.7L91.9 349.5zm354-146.1c-16.6-16.6-51.3-51.3-104-104L308 65.5C334.5 39 349.4 24.1 352.9 20.6 366.4 7 384.8-.6 404-.6S441.6 7 455.1 20.6l35.7 35.7C504.4 69.9 512 88.3 512 107.4s-7.6 37.6-21.2 51.1c-3.5 3.5-18.4 18.4-44.9 44.9z\"><\/path><\/svg><\/div>\n\n\n\n<h3 class=\"wp-block-heading has-text-align-left has-inclusive-sans-font-family\" style=\"font-size:clamp(1.743rem, 1.743rem + ((1vw - 0.2rem) * 2.095), 3rem);text-transform:none\">2. crear<\/h3>\n\n\n\n<p class=\"has-medium-font-size wp-block-paragraph\" style=\"padding-right:0;padding-left:0\">Next it\u2019s time to convert all the research into concept designs. I start by sketching and then digitise the best ideas.<\/p>\n\n\n\n<p class=\"has-medium-font-size wp-block-paragraph\" style=\"padding-right:0;padding-left:0\">I\u2019ll meet with you to share the different options and recommend which direction we take. At this point I\u2019ll get your feedback and incorporate it into the next step.<\/p>\n<\/div>\n\n\n\n<div class=\"wp-block-column has-background is-layout-flow wp-block-column-is-layout-flow\" style=\"background-color:#f7fff0;padding-top:var(--wp--preset--spacing--50);padding-right:var(--wp--preset--spacing--50);padding-bottom:var(--wp--preset--spacing--50);padding-left:var(--wp--preset--spacing--50)\">\n<div class=\"wp-block-font-awesome-icon wp-font-awesome-icon\" style=\"display:flex;justify-content:left\"><svg aria-hidden=\"true\" focusable=\"false\" data-prefix=\"fas\" data-icon=\"paper-plane\" class=\"svg-inline--fa fa-paper-plane fa-shake\" role=\"img\" xmlns=\"http:\/\/www.w3.org\/2000\/svg\" viewbox=\"0 0 576 512\" style=\"font-size:1.6em\"><path fill=\"currentColor\" d=\"M536.4-26.3c9.8-3.5 20.6-1 28 6.3s9.8 18.2 6.3 28l-178 496.9c-5 13.9-18.1 23.1-32.8 23.1-14.2 0-27-8.6-32.3-21.7l-64.2-158c-4.5-11-2.5-23.6 5.2-32.6l94.5-112.4c5.1-6.1 4.7-15-.9-20.6s-14.6-6-20.6-.9L229.2 276.1c-9.1 7.6-21.6 9.6-32.6 5.2L38.1 216.8c-13.1-5.3-21.7-18.1-21.7-32.3 0-14.7 9.2-27.8 23.1-32.8l496.9-178z\"><\/path><\/svg><\/div>\n\n\n\n<h3 class=\"wp-block-heading has-text-align-left has-inclusive-sans-font-family\" style=\"font-size:clamp(1.743rem, 1.743rem + ((1vw - 0.2rem) * 2.095), 3rem);text-transform:none\">3. completar<\/h3>\n\n\n\n<p class=\"has-medium-font-size wp-block-paragraph\" style=\"padding-right:0;padding-left:0\">After developing and refining the chosen concept idea into it\u2019s final form, I\u2019ll send it to you as a final draft. Usually no more changes are needed, but there\u2019s still time for any desired tweaks at this stage.<\/p>\n\n\n\n<p class=\"has-medium-font-size wp-block-paragraph\" style=\"padding-right:0;padding-left:0\">Once the design is ready and signed off, I\u2019ll prepare and export the final files, and share a folder where you can download everything.<\/p>\n<\/div>\n<\/div>\n<\/div>","protected":false},"excerpt":{"rendered":"","protected":false},"author":1,"featured_media":0,"parent":0,"menu_order":0,"comment_status":"closed","ping_status":"closed","template":"","meta":{"_crdt_document":"{\"document\":\"AAAi78LfpxsDrc+8hgrvwt+nGwDtz7yGCgavwt+nG+3PvIYKEyQWUBZYQhhQAQEIAQBIQQADAJQBAQEIAQBICkgEAwBQAwCoAQIAQSgAIQEnAigEJwAoACcAAQCEAKgAIQCoACgAIQEHACgCJwAoAicABAChAYcAKAInASgBJwAEAKgBKACoAIEAoQGo+QPBA3N0YXRldmVyc2lvbmRvY3VtZW50ZGF0ZWRvY3VtZW50c3RhdHVzZG9jdW1lbnR0aXRsZWRvY3VtZW50Y29udGVudGRvY3VtZW50ZXhjZXJwdGRvY3VtZW50YXV0aG9yZG9jdW1lbnRmZWF0dXJlZF9tZWRpYWRvY3VtZW50Y29tbWVudF9zdGF0dXNkb2N1bWVudHBpbmdfc3RhdHVzZG9jdW1lbnR0ZW1wbGF0ZWRvY3VtZW50bWV0YWZvb3Rub3Rlc2RvY3VtZW50YmxvY2tzcHJvY2Vzc3N0YXRldmVyc2lvbmRvY3VtZW50c2x1Z3N0YXRlc2F2ZWRBdHN0YXRlc2F2ZWRCeWNsaWVudElkaXNWYWxpZG5hbWVhdHRyaWJ1dGVzcmVmY29udGVudFRycENvbnRlbnRSZXN0cmljdGlvbmlubmVyQmxvY2tzPCEtLSB3cDpibG9jayB7InJlZiI6ODkwN30gLy0tPmNsaWVudElkaXNWYWxpZG5hbWVhdHRyaWJ1dGVzY29udGVudGRyb3BDYXBUcnBDb250ZW50UmVzdHJpY3Rpb25pbm5lckJsb2Nrc2ZhL2ZhcmVmBQcIBAgGCAUIBwgHCAYIDggOCAtIAQQJCAYHBQcIBAUHBQcIBwQKAwcVCx8IBwQKRwAVCwUDCwELAAABAAAAAQMAC0IBAQBBAABBAAIABUEfIUECAhEAfQF9AX0AdwZjbG9zZWR3BmNsb3NlZHcAdwB3B3B1Ymxpc2gkAHcTMjAyNi0wNS0wM1QwNTo1MDozMXcHcHJvY2Vzc3ckMzE1NjNjZjctYzEyMy00ZmVlLWE5YjQtMDVjOWFhYmVhMmVmeHcKY29yZS9ibG9ja32LiwF1AHYDEHJlc3RyaWN0aW9uX3R5cGV3B2V4Y2x1ZGUSc2VsZWN0ZWRfbGFuZ3VhZ2VzdQAKcGFuZWxfb3Blbnh3JDA3ZGM3NDcxLTAwOGQtNGZkNC1hNDBlLWJhNjY2ZDI1YTI2ZXh3DmNvcmUvcGFyYWdyYXBoeXYDEHJlc3RyaWN0aW9uX3R5cGV3B2V4Y2x1ZGUSc2VsZWN0ZWRfbGFuZ3VhZ2VzdQAKcGFuZWxfb3Blbnh3JDNkODBhNDNlLTYxNjEtNGY3My05YjFmLWZiOGM3ZDE2ZWJmOHcKY29yZS9ibG9ja32SiwF1AHtCeeExSINgAH2tz7yGCgKv4e\/TDQIBAQsA7aeegwUDAAACASg2\",\"updateId\":410863001}","footnotes":""},"class_list":["post-8824","page","type-page","status-publish","hentry"],"_links":{"self":[{"href":"https:\/\/jenbell.design\/ca\/wp-json\/wp\/v2\/pages\/8824","targetHints":{"allow":["GET"]}}],"collection":[{"href":"https:\/\/jenbell.design\/ca\/wp-json\/wp\/v2\/pages"}],"about":[{"href":"https:\/\/jenbell.design\/ca\/wp-json\/wp\/v2\/types\/page"}],"author":[{"embeddable":true,"href":"https:\/\/jenbell.design\/ca\/wp-json\/wp\/v2\/users\/1"}],"replies":[{"embeddable":true,"href":"https:\/\/jenbell.design\/ca\/wp-json\/wp\/v2\/comments?post=8824"}],"version-history":[{"count":5,"href":"https:\/\/jenbell.design\/ca\/wp-json\/wp\/v2\/pages\/8824\/revisions"}],"predecessor-version":[{"id":9087,"href":"https:\/\/jenbell.design\/ca\/wp-json\/wp\/v2\/pages\/8824\/revisions\/9087"}],"wp:attachment":[{"href":"https:\/\/jenbell.design\/ca\/wp-json\/wp\/v2\/media?parent=8824"}],"curies":[{"name":"wp","href":"https:\/\/api.w.org\/{rel}","templated":true}]}}